{"id":146,"date":"2023-01-30T21:09:46","date_gmt":"2023-01-30T20:09:46","guid":{"rendered":"http:\/\/eoliadorion.com\/?page_id=146"},"modified":"2023-03-11T23:40:22","modified_gmt":"2023-03-11T22:40:22","slug":"blog-les-plumes-dorion","status":"publish","type":"page","link":"https:\/\/eoliadorion.com\/index.php\/blog-les-plumes-dorion\/","title":{"rendered":"Introduction au Site"},"content":{"rendered":"\n<figure class=\"wp-block-pullquote\"><blockquote><p><strong>Victor Hugo<\/strong><\/p><cite><strong><em>Tout grand \u00e9crivain frappe la prose \u00e0 son effigie. \u00bb Apr\u00e8s tout chaque plume doit mettre de soi dans ses ouvrages vous ne croyez pas ?<\/em><\/strong><\/cite><\/blockquote><\/figure>\n\n\n\n<div class=\"wp-block-columns is-layout-flex wp-container-core-columns-is-layout-8f761849 wp-block-columns-is-layout-flex\">\n<div class=\"wp-block-column is-layout-flow wp-block-column-is-layout-flow\" style=\"flex-basis:33.33%\">\n<p class=\"wp-block-paragraph\"><em><strong>Passionn\u00e9e par le monde de l\u2019\u00e9criture, Eolian\u00eba d\u2019Orion est en qu\u00eate constante d\u2019un public et d\u2019apporter son exp\u00e9rience et ses astuces, \u00e0 de jeunes \u00e9crivains en devenir. Quand Eolian\u00eba n\u2019est pas occup\u00e9 comme Auteure et blogueuse de son site, elle d\u00e9veloppe de nouveaux projets d\u2019art comme le chant et la musique. Elle initie \u00e0 la d\u00e9couverte de l\u2019escrime artistique et du sabre laser \u00e0 ses heures perdues, adulte comme enfant peuvent s\u2019y essayer ! Ses sujets de pr\u00e9dilection sur les plumes d\u2019Orion sont les astuces et les conseils pour se lancer dans l\u2019\u00e9criture, mais aussi le r\u00e9f\u00e9rencement naturel pour le monde de l\u2019\u00e9dition, les nouvelles tendances de lecture \u00e0 d\u00e9couvrir\u2026 les kits d&#8217;\u00e9criture, destin\u00e9 \u00e0 soutenir les jeunes premiers dans leur qu\u00eate d\u2019\u00e9crire un premier roman\u2026<\/strong><\/em><\/p>\n<\/div>\n\n\n\n<div class=\"wp-block-column is-layout-flow wp-block-column-is-layout-flow\" style=\"flex-basis:66.66%\">\n<figure class=\"wp-block-image size-full\"><img loading=\"lazy\" decoding=\"async\" width=\"780\" height=\"600\" src=\"https:\/\/eoliadorion.com\/wp-content\/uploads\/2023\/01\/ecrire-un-livre.jpg\" alt=\"\" class=\"wp-image-87\" srcset=\"https:\/\/eoliadorion.com\/wp-content\/uploads\/2023\/01\/ecrire-un-livre.jpg 780w, https:\/\/eoliadorion.com\/wp-content\/uploads\/2023\/01\/ecrire-un-livre-600x462.jpg 600w, https:\/\/eoliadorion.com\/wp-content\/uploads\/2023\/01\/ecrire-un-livre-300x231.jpg 300w, https:\/\/eoliadorion.com\/wp-content\/uploads\/2023\/01\/ecrire-un-livre-768x591.jpg 768w\" sizes=\"auto, (max-width: 780px) 100vw, 780px\" \/><\/figure>\n<\/div>\n<\/div>\n\n\n\n<h2 class=\"wp-block-heading\"><strong><em>Ce qui fait vibrer Eolian\u00eba<\/em><\/strong><\/h2>\n\n\n\n<div class=\"wp-block-columns is-layout-flex wp-container-core-columns-is-layout-8f761849 wp-block-columns-is-layout-flex\">\n<div class=\"wp-block-column is-layout-flow wp-block-column-is-layout-flow\" style=\"flex-basis:25%\">\n<p class=\"has-text-align-left wp-block-paragraph\"><em><strong>C&#8217;est de rencontrer d\u2019autres auteurs, autour d\u2019un bon th\u00e9 dans un salon de Paris. De pouvoir d\u00e9velopper de nouveaux projets d\u2019\u00e9critures, comme des ateliers d\u2019aides et d\u2019\u00e9changes aussi, afin de pouvoir s&#8217;entraider. Et puis, travailler en partenariat avec des graphistes pour un projet qui lui tient \u00e0 c\u0153ur pour la cr\u00e9ation d&#8217;un roman graphique mangas d&#8217;aide \u00e0 l\u2019\u00e9criture !<\/strong><\/em><\/p>\n<\/div>\n\n\n\n<div class=\"wp-block-column is-layout-flow wp-block-column-is-layout-flow\" style=\"flex-basis:50%\">\n<figure class=\"wp-block-image size-full\"><img loading=\"lazy\" decoding=\"async\" width=\"728\" height=\"485\" src=\"https:\/\/eoliadorion.com\/wp-content\/uploads\/2023\/01\/v4-728px-Begin-Writing-a-Book-Step-1-Version-2.jpg.webp\" alt=\"\" class=\"wp-image-99\" srcset=\"https:\/\/eoliadorion.com\/wp-content\/uploads\/2023\/01\/v4-728px-Begin-Writing-a-Book-Step-1-Version-2.jpg.webp 728w, https:\/\/eoliadorion.com\/wp-content\/uploads\/2023\/01\/v4-728px-Begin-Writing-a-Book-Step-1-Version-2.jpg-600x400.webp 600w, https:\/\/eoliadorion.com\/wp-content\/uploads\/2023\/01\/v4-728px-Begin-Writing-a-Book-Step-1-Version-2.jpg-300x200.webp 300w\" sizes=\"auto, (max-width: 728px) 100vw, 728px\" \/><\/figure>\n<\/div>\n\n\n\n<div class=\"wp-block-column is-layout-flow wp-block-column-is-layout-flow\" style=\"flex-basis:25%\">\n<h2 class=\"wp-block-heading\"><strong>\u00c9crire c&#8217;est se consumer\u2026<\/strong><\/h2>\n\n\n\n<p class=\"wp-block-paragraph\"><em>Et puis\u2026 L&#8217;\u00e9criture est un incendie qui s\u2019embrase, un rougeoiement sans fin, un grand p\u00e8le m\u00eale d&#8217;id\u00e9es, qui fait flamboyer d&#8217;innombrables images avant de les r\u00e9duire en braises cr\u00e9pitantes et en cendres retombantes.<\/em><\/p>\n<\/div>\n<\/div>\n\n\n\n<hr class=\"wp-block-separator has-alpha-channel-opacity is-style-dots\"\/>\n\n\n\n<h2 class=\"wp-block-heading alignwide has-text-align-center\"><em><strong>Si vous \u00eates pr\u00eat alors tourner la page\u2026<\/strong><\/em><\/h2>\n","protected":false},"excerpt":{"rendered":"<p>Victor Hugo Tout grand \u00e9crivain frappe la prose \u00e0 son effigie. \u00bb Apr\u00e8s tout chaque&#8230;<\/p>\n","protected":false},"author":1,"featured_media":88,"parent":0,"menu_order":0,"comment_status":"closed","ping_status":"closed","template":"","meta":{"_crdt_document":"","footnotes":""},"class_list":["post-146","page","type-page","status-publish","has-post-thumbnail","hentry"],"aioseo_notices":[],"_links":{"self":[{"href":"https:\/\/eoliadorion.com\/index.php\/wp-json\/wp\/v2\/pages\/146","targetHints":{"allow":["GET"]}}],"collection":[{"href":"https:\/\/eoliadorion.com\/index.php\/wp-json\/wp\/v2\/pages"}],"about":[{"href":"https:\/\/eoliadorion.com\/index.php\/wp-json\/wp\/v2\/types\/page"}],"author":[{"embeddable":true,"href":"https:\/\/eoliadorion.com\/index.php\/wp-json\/wp\/v2\/users\/1"}],"replies":[{"embeddable":true,"href":"https:\/\/eoliadorion.com\/index.php\/wp-json\/wp\/v2\/comments?post=146"}],"version-history":[{"count":11,"href":"https:\/\/eoliadorion.com\/index.php\/wp-json\/wp\/v2\/pages\/146\/revisions"}],"predecessor-version":[{"id":277,"href":"https:\/\/eoliadorion.com\/index.php\/wp-json\/wp\/v2\/pages\/146\/revisions\/277"}],"wp:featuredmedia":[{"embeddable":true,"href":"https:\/\/eoliadorion.com\/index.php\/wp-json\/wp\/v2\/media\/88"}],"wp:attachment":[{"href":"https:\/\/eoliadorion.com\/index.php\/wp-json\/wp\/v2\/media?parent=146"}],"curies":[{"name":"wp","href":"https:\/\/api.w.org\/{rel}","templated":true}]}}