{"id":264,"date":"2023-03-11T23:29:56","date_gmt":"2023-03-11T22:29:56","guid":{"rendered":"http:\/\/eoliadorion.com\/?page_id=264"},"modified":"2023-03-11T23:29:57","modified_gmt":"2023-03-11T22:29:57","slug":"les-oeuvres-dorion","status":"publish","type":"page","link":"https:\/\/eoliadorion.com\/index.php\/les-oeuvres-dorion\/","title":{"rendered":"Les \u0152uvres d&#8217;Orion"},"content":{"rendered":"\n<p class=\"wp-block-paragraph\">Sur cette page  vous pourrez retrouver l&#8217;int\u00e9gralit\u00e9 de mes ouvrages ( Romans, Contes, Po\u00e9sie&#8230;)Listes  auto-\u00e9dit\u00e9 au Format ebook ou format papier c&#8217;est \u00e0 vous de voir. J&#8217;esp\u00e8re que vous passerez un bon moment lors de vos lectures.<\/p>\n\n\n\n<p class=\"has-text-align-right wp-block-paragraph\"><strong>Votre H\u00f4te<\/strong><\/p>\n\n\n\n<p class=\"has-text-align-right wp-block-paragraph\"><strong>Eolian\u00eba d&#8217;Orion<\/strong><\/p>\n\n\n\n<p class=\"wp-block-paragraph\">LISTE DES LIVRES A VENIR&#8230;..<\/p>\n","protected":false},"excerpt":{"rendered":"<p>Sur cette page vous pourrez retrouver l&#8217;int\u00e9gralit\u00e9 de mes ouvrages ( Romans, Contes, Po\u00e9sie&#8230;)Listes auto-\u00e9dit\u00e9&#8230;<\/p>\n","protected":false},"author":1,"featured_media":88,"parent":0,"menu_order":0,"comment_status":"closed","ping_status":"closed","template":"","meta":{"_crdt_document":"","footnotes":""},"class_list":["post-264","page","type-page","status-publish","has-post-thumbnail","hentry"],"aioseo_notices":[],"_links":{"self":[{"href":"https:\/\/eoliadorion.com\/index.php\/wp-json\/wp\/v2\/pages\/264","targetHints":{"allow":["GET"]}}],"collection":[{"href":"https:\/\/eoliadorion.com\/index.php\/wp-json\/wp\/v2\/pages"}],"about":[{"href":"https:\/\/eoliadorion.com\/index.php\/wp-json\/wp\/v2\/types\/page"}],"author":[{"embeddable":true,"href":"https:\/\/eoliadorion.com\/index.php\/wp-json\/wp\/v2\/users\/1"}],"replies":[{"embeddable":true,"href":"https:\/\/eoliadorion.com\/index.php\/wp-json\/wp\/v2\/comments?post=264"}],"version-history":[{"count":1,"href":"https:\/\/eoliadorion.com\/index.php\/wp-json\/wp\/v2\/pages\/264\/revisions"}],"predecessor-version":[{"id":265,"href":"https:\/\/eoliadorion.com\/index.php\/wp-json\/wp\/v2\/pages\/264\/revisions\/265"}],"wp:featuredmedia":[{"embeddable":true,"href":"https:\/\/eoliadorion.com\/index.php\/wp-json\/wp\/v2\/media\/88"}],"wp:attachment":[{"href":"https:\/\/eoliadorion.com\/index.php\/wp-json\/wp\/v2\/media?parent=264"}],"curies":[{"name":"wp","href":"https:\/\/api.w.org\/{rel}","templated":true}]}}