{"id":311,"date":"2023-08-04T20:21:27","date_gmt":"2023-08-04T18:21:27","guid":{"rendered":"http:\/\/eoliadorion.com\/?post_type=product&#038;p=311"},"modified":"2023-08-04T21:03:58","modified_gmt":"2023-08-04T19:03:58","slug":"les-4-indispensables-histoire-et-structure-dun-roman","status":"publish","type":"product","link":"https:\/\/eoliadorion.com\/index.php\/produit\/les-4-indispensables-histoire-et-structure-dun-roman\/","title":{"rendered":"Les 4 indispensables Histoire et Structure d&#8217;un roman"},"content":{"rendered":"<p>Cet ebook s&#8217;adresse \u00e0 toute plume qu&#8217;elle soit en devenir, une jeune plume ou bien m\u00eame une confirm\u00e9e &#8211; Ce livre d\u00e9mat\u00e9rialiser \u00e0 pour but de donner un coup de pouce au jeunes \u00e9crivains en revenant sur les bases indispensables d&#8217;un roman. On y retrouve  donc les  4 indispensables afin de structurer une belle Histoire comme on les aimes et en finir avec un projet qui ne verra jamais le jour faute de courage de se lancer. Venez d\u00e9couvrir ou bien red\u00e9couvrire les bases du sch\u00e9mas narratif dans cet ebook  que je vous propose afin d&#8217;obtenir le plus de cl\u00e9s en main pour pouvoir \u00e0 votre tour vivre votre r\u00eave d&#8217;\u00e9crire votre premier roman sans plus reculer l&#8217;\u00e9ch\u00e9ance. C&#8217;est bien connue le plus dure est de se lancer alors voici de quoi vous aider \u00e0 sauter le pas alors saisissez cette chance !<\/p>\n","protected":false},"excerpt":{"rendered":"<p>Cet ebook s&#8217;adresse \u00e0 toute plume qu&#8217;elle soit en devenir, une jeune plume ou bien&#8230;<\/p>\n","protected":false},"featured_media":321,"comment_status":"open","ping_status":"closed","template":"","meta":{"_crdt_document":""},"product_brand":[],"product_cat":[27],"product_tag":[],"class_list":{"0":"post-311","1":"product","2":"type-product","3":"status-publish","4":"has-post-thumbnail","6":"product_cat-ebook","8":"first","9":"instock","10":"downloadable","11":"virtual","12":"taxable","13":"purchasable","14":"product-type-simple"},"aioseo_notices":[],"_links":{"self":[{"href":"https:\/\/eoliadorion.com\/index.php\/wp-json\/wp\/v2\/product\/311","targetHints":{"allow":["GET"]}}],"collection":[{"href":"https:\/\/eoliadorion.com\/index.php\/wp-json\/wp\/v2\/product"}],"about":[{"href":"https:\/\/eoliadorion.com\/index.php\/wp-json\/wp\/v2\/types\/product"}],"replies":[{"embeddable":true,"href":"https:\/\/eoliadorion.com\/index.php\/wp-json\/wp\/v2\/comments?post=311"}],"wp:featuredmedia":[{"embeddable":true,"href":"https:\/\/eoliadorion.com\/index.php\/wp-json\/wp\/v2\/media\/321"}],"wp:attachment":[{"href":"https:\/\/eoliadorion.com\/index.php\/wp-json\/wp\/v2\/media?parent=311"}],"wp:term":[{"taxonomy":"product_brand","embeddable":true,"href":"https:\/\/eoliadorion.com\/index.php\/wp-json\/wp\/v2\/product_brand?post=311"},{"taxonomy":"product_cat","embeddable":true,"href":"https:\/\/eoliadorion.com\/index.php\/wp-json\/wp\/v2\/product_cat?post=311"},{"taxonomy":"product_tag","embeddable":true,"href":"https:\/\/eoliadorion.com\/index.php\/wp-json\/wp\/v2\/product_tag?post=311"}],"curies":[{"name":"wp","href":"https:\/\/api.w.org\/{rel}","templated":true}]}}